{"id":851,"date":"2026-02-23T14:12:33","date_gmt":"2026-02-23T14:12:33","guid":{"rendered":"https:\/\/azucenainterpretes.com\/politica-de-privacidad\/"},"modified":"2026-03-03T10:30:05","modified_gmt":"2026-03-03T10:30:05","slug":"privacy-policy","status":"publish","type":"page","link":"https:\/\/azucenainterpretes.com\/en\/privacy-policy\/","title":{"rendered":"Privacy policy"},"content":{"rendered":"<div class=\"wpb-content-wrapper\">[vc_row][vc_column][vc_column_text css=&#8221;&#8221;]\n<h2>PRIVACY POLICY<\/h2>\n<p data-start=\"51\" data-end=\"406\"><strong data-start=\"51\" data-end=\"73\">1. DATA CONTROLLER<\/strong><br data-start=\"73\" data-end=\"76\" \/>In compliance with Regulation (EU) 2016\/679 (GDPR) and Organic Law 3\/2018 (LOPDGDD), you are informed that the personal data provided through this website will be processed by:<br data-start=\"252\" data-end=\"255\" \/><strong data-start=\"255\" data-end=\"287\">Mar\u00eda Azucena Berm\u00fadez P\u00e9rez<\/strong><br data-start=\"287\" data-end=\"290\" \/>NIF: 19894212V<br data-start=\"304\" data-end=\"307\" \/>Email: <a class=\"decorated-link cursor-pointer\" rel=\"noopener\" data-start=\"314\" data-end=\"337\">azucenadublin@gmail.com<\/a><br data-start=\"337\" data-end=\"340\" \/>Phone: +353 879 698 558<br data-start=\"363\" data-end=\"366\" \/>Website: <a class=\"decorated-link\" href=\"https:\/\/azucenainterpretes.com\/en\/\" target=\"_new\" rel=\"noopener\" data-start=\"375\" data-end=\"406\">https:\/\/azucenainterpretes.com\/<\/a><\/p>\n<p data-start=\"408\" data-end=\"569\"><strong data-start=\"408\" data-end=\"436\">2. PURPOSE OF PROCESSING<\/strong><br data-start=\"436\" data-end=\"439\" \/>The personal data provided by users through the website\u2019s forms or contact methods will be processed for the following purposes:<\/p>\n<ul data-start=\"570\" data-end=\"785\">\n<li data-start=\"570\" data-end=\"619\">\n<p data-start=\"572\" data-end=\"619\">Responding to information or contact requests<\/p>\n<\/li>\n<li data-start=\"620\" data-end=\"676\">\n<p data-start=\"622\" data-end=\"676\">Managing the professional or commercial relationship<\/p>\n<\/li>\n<li data-start=\"677\" data-end=\"737\">\n<p data-start=\"679\" data-end=\"737\">Sending communications related to the requested services<\/p>\n<\/li>\n<li data-start=\"738\" data-end=\"785\">\n<p data-start=\"740\" data-end=\"785\">Complying with applicable legal obligations<\/p>\n<\/li>\n<\/ul>\n<p data-start=\"787\" data-end=\"988\"><strong data-start=\"787\" data-end=\"805\">3. LEGAL BASIS<\/strong><br data-start=\"805\" data-end=\"808\" \/>The legal basis for processing the data is the user\u2019s consent when contacting or submitting their data, as well as the performance of a pre-contractual or contractual relationship.<\/p>\n<p data-start=\"990\" data-end=\"1168\"><strong data-start=\"990\" data-end=\"1011\">4. DATA RETENTION<\/strong><br data-start=\"1011\" data-end=\"1014\" \/>Data will be retained for the time necessary to fulfill the purpose for which it was collected and, where applicable, for the legally established periods.<\/p>\n<p data-start=\"1170\" data-end=\"1445\"><strong data-start=\"1170\" data-end=\"1187\">5. RECIPIENTS<\/strong><br data-start=\"1187\" data-end=\"1190\" \/>Data will not be transferred to third parties, except when required by law or necessary for the provision of the service. In such cases, providers acting as data processors may have access to the data under contract in accordance with current regulations.<\/p>\n<p data-start=\"1447\" data-end=\"1828\"><strong data-start=\"1447\" data-end=\"1465\">6. USER RIGHTS<\/strong><br data-start=\"1465\" data-end=\"1468\" \/>Users may exercise their rights of access, rectification, deletion, restriction, objection, and data portability by sending a request to the email address indicated, attaching a copy of an identification document.<br data-start=\"1681\" data-end=\"1684\" \/>Additionally, users have the right to file a complaint with the Spanish Data Protection Agency if they consider their rights have been violated.<\/p>\n<p data-start=\"1830\" data-end=\"2057\"><strong data-start=\"1830\" data-end=\"1850\">7. DATA SECURITY<\/strong><br data-start=\"1850\" data-end=\"1853\" \/>The data controller adopts the necessary technical and organizational measures to ensure the security, integrity, and confidentiality of personal data, preventing loss, alteration, or unauthorized access.<\/p>\n<p data-start=\"2059\" data-end=\"2256\"><strong data-start=\"2059\" data-end=\"2082\">8. ACCURACY OF DATA<\/strong><br data-start=\"2082\" data-end=\"2085\" \/>Users guarantee that the data provided is true, accurate, and up to date, and are responsible for any damage or harm resulting from failure to comply with this obligation.<\/p>\n<p data-start=\"2258\" data-end=\"2472\"><strong data-start=\"2258\" data-end=\"2294\">9. CHANGES TO THE PRIVACY POLICY<\/strong><br data-start=\"2294\" data-end=\"2297\" \/>The data controller reserves the right to modify this policy to adapt it to legislative or jurisprudential changes. In such cases, changes will be announced on this same page.<\/p>\n[\/vc_column_text][\/vc_column][\/vc_row]\n<\/div>","protected":false},"excerpt":{"rendered":"[vc_row][vc_column][vc_column_text css=&#8221;&#8221;] PRIVACY POLICY 1. DATA CONTROLLERIn compliance with Regulation (EU) 2016\/679 (GDPR) and Organic Law 3\/2018 (LOPDGDD), you are informed that the personal data provided through this website will be processed by:Mar\u00eda Azucena Berm\u00fadez P\u00e9rezNIF: 19894212VEmail: azucenadublin@gmail.comPhone: +353 879 698 558Website: https:\/\/azucenainterpretes.com\/ 2. PURPOSE OF PROCESSINGThe personal data provided by users through the website\u2019s [&#8230;]\n","protected":false},"author":2,"featured_media":0,"parent":0,"menu_order":0,"comment_status":"closed","ping_status":"closed","template":"","meta":{"footnotes":""},"class_list":["post-851","page","type-page","status-publish","hentry"],"yoast_head":"<!-- This site is optimized with the Yoast SEO plugin v27.4 - https:\/\/yoast.com\/product\/yoast-seo-wordpress\/ -->\n<title>Privacy policy | azucenainterpretes.com<\/title>\n<meta name=\"robots\" content=\"noindex, nofollow\" \/>\n<meta property=\"og:locale\" content=\"en_US\" \/>\n<meta property=\"og:type\" content=\"article\" \/>\n<meta property=\"og:title\" content=\"Privacy policy | azucenainterpretes.com\" \/>\n<meta property=\"og:description\" content=\"[vc_row][vc_column][vc_column_text css=&#8221;&#8221;] PRIVACY POLICY 1. DATA CONTROLLERIn compliance with Regulation (EU) 2016\/679 (GDPR) and Organic Law 3\/2018 (LOPDGDD), you are informed that the personal data provided through this website will be processed by:Mar\u00eda Azucena Berm\u00fadez P\u00e9rezNIF: 19894212VEmail: azucenadublin@gmail.comPhone: +353 879 698 558Website: https:\/\/azucenainterpretes.com\/ 2. PURPOSE OF PROCESSINGThe personal data provided by users through the website\u2019s [...]\" \/>\n<meta property=\"og:url\" content=\"https:\/\/azucenainterpretes.com\/en\/privacy-policy\/\" \/>\n<meta property=\"og:site_name\" content=\"azucenainterpretes.com\" \/>\n<meta property=\"article:modified_time\" content=\"2026-03-03T10:30:05+00:00\" \/>\n<meta property=\"og:image\" content=\"https:\/\/azucenainterpretes.com\/wp-content\/uploads\/2026\/02\/Azucena-Bermudez-con-Evo-Morales.jpg\" \/>\n\t<meta property=\"og:image:width\" content=\"1200\" \/>\n\t<meta property=\"og:image:height\" content=\"1098\" \/>\n\t<meta property=\"og:image:type\" content=\"image\/jpeg\" \/>\n<meta name=\"twitter:card\" content=\"summary_large_image\" \/>\n<meta name=\"twitter:label1\" content=\"Est. reading time\" \/>\n\t<meta name=\"twitter:data1\" content=\"2 minutes\" \/>\n<script type=\"application\/ld+json\" class=\"yoast-schema-graph\">{\"@context\":\"https:\\\/\\\/schema.org\",\"@graph\":[{\"@type\":\"WebPage\",\"@id\":\"https:\\\/\\\/azucenainterpretes.com\\\/en\\\/privacy-policy\\\/\",\"url\":\"https:\\\/\\\/azucenainterpretes.com\\\/en\\\/privacy-policy\\\/\",\"name\":\"Privacy policy | azucenainterpretes.com\",\"isPartOf\":{\"@id\":\"https:\\\/\\\/azucenainterpretes.com\\\/en\\\/#website\"},\"datePublished\":\"2026-02-23T14:12:33+00:00\",\"dateModified\":\"2026-03-03T10:30:05+00:00\",\"breadcrumb\":{\"@id\":\"https:\\\/\\\/azucenainterpretes.com\\\/en\\\/privacy-policy\\\/#breadcrumb\"},\"inLanguage\":\"en-US\",\"potentialAction\":[{\"@type\":\"ReadAction\",\"target\":[\"https:\\\/\\\/azucenainterpretes.com\\\/en\\\/privacy-policy\\\/\"]}]},{\"@type\":\"BreadcrumbList\",\"@id\":\"https:\\\/\\\/azucenainterpretes.com\\\/en\\\/privacy-policy\\\/#breadcrumb\",\"itemListElement\":[{\"@type\":\"ListItem\",\"position\":1,\"name\":\"Portada\",\"item\":\"https:\\\/\\\/azucenainterpretes.com\\\/en\\\/\"},{\"@type\":\"ListItem\",\"position\":2,\"name\":\"Privacy policy\"}]},{\"@type\":\"WebSite\",\"@id\":\"https:\\\/\\\/azucenainterpretes.com\\\/en\\\/#website\",\"url\":\"https:\\\/\\\/azucenainterpretes.com\\\/en\\\/\",\"name\":\"azucenainterpretes.com\",\"description\":\"30 a\u00f1os de excelencia\",\"alternateName\":\"Azucena Int\u00e9rpretes\",\"potentialAction\":[{\"@type\":\"SearchAction\",\"target\":{\"@type\":\"EntryPoint\",\"urlTemplate\":\"https:\\\/\\\/azucenainterpretes.com\\\/en\\\/?s={search_term_string}\"},\"query-input\":{\"@type\":\"PropertyValueSpecification\",\"valueRequired\":true,\"valueName\":\"search_term_string\"}}],\"inLanguage\":\"en-US\"}]}<\/script>\n<!-- \/ Yoast SEO plugin. -->","yoast_head_json":{"title":"Privacy policy | azucenainterpretes.com","robots":{"index":"noindex","follow":"nofollow"},"og_locale":"en_US","og_type":"article","og_title":"Privacy policy | azucenainterpretes.com","og_description":"[vc_row][vc_column][vc_column_text css=&#8221;&#8221;] PRIVACY POLICY 1. DATA CONTROLLERIn compliance with Regulation (EU) 2016\/679 (GDPR) and Organic Law 3\/2018 (LOPDGDD), you are informed that the personal data provided through this website will be processed by:Mar\u00eda Azucena Berm\u00fadez P\u00e9rezNIF: 19894212VEmail: azucenadublin@gmail.comPhone: +353 879 698 558Website: https:\/\/azucenainterpretes.com\/ 2. PURPOSE OF PROCESSINGThe personal data provided by users through the website\u2019s [...]","og_url":"https:\/\/azucenainterpretes.com\/en\/privacy-policy\/","og_site_name":"azucenainterpretes.com","article_modified_time":"2026-03-03T10:30:05+00:00","og_image":[{"width":1200,"height":1098,"url":"https:\/\/azucenainterpretes.com\/wp-content\/uploads\/2026\/02\/Azucena-Bermudez-con-Evo-Morales.jpg","type":"image\/jpeg"}],"twitter_card":"summary_large_image","twitter_misc":{"Est. reading time":"2 minutes"},"schema":{"@context":"https:\/\/schema.org","@graph":[{"@type":"WebPage","@id":"https:\/\/azucenainterpretes.com\/en\/privacy-policy\/","url":"https:\/\/azucenainterpretes.com\/en\/privacy-policy\/","name":"Privacy policy | azucenainterpretes.com","isPartOf":{"@id":"https:\/\/azucenainterpretes.com\/en\/#website"},"datePublished":"2026-02-23T14:12:33+00:00","dateModified":"2026-03-03T10:30:05+00:00","breadcrumb":{"@id":"https:\/\/azucenainterpretes.com\/en\/privacy-policy\/#breadcrumb"},"inLanguage":"en-US","potentialAction":[{"@type":"ReadAction","target":["https:\/\/azucenainterpretes.com\/en\/privacy-policy\/"]}]},{"@type":"BreadcrumbList","@id":"https:\/\/azucenainterpretes.com\/en\/privacy-policy\/#breadcrumb","itemListElement":[{"@type":"ListItem","position":1,"name":"Portada","item":"https:\/\/azucenainterpretes.com\/en\/"},{"@type":"ListItem","position":2,"name":"Privacy policy"}]},{"@type":"WebSite","@id":"https:\/\/azucenainterpretes.com\/en\/#website","url":"https:\/\/azucenainterpretes.com\/en\/","name":"azucenainterpretes.com","description":"30 a\u00f1os de excelencia","alternateName":"Azucena Int\u00e9rpretes","potentialAction":[{"@type":"SearchAction","target":{"@type":"EntryPoint","urlTemplate":"https:\/\/azucenainterpretes.com\/en\/?s={search_term_string}"},"query-input":{"@type":"PropertyValueSpecification","valueRequired":true,"valueName":"search_term_string"}}],"inLanguage":"en-US"}]}},"_links":{"self":[{"href":"https:\/\/azucenainterpretes.com\/en\/wp-json\/wp\/v2\/pages\/851","targetHints":{"allow":["GET"]}}],"collection":[{"href":"https:\/\/azucenainterpretes.com\/en\/wp-json\/wp\/v2\/pages"}],"about":[{"href":"https:\/\/azucenainterpretes.com\/en\/wp-json\/wp\/v2\/types\/page"}],"author":[{"embeddable":true,"href":"https:\/\/azucenainterpretes.com\/en\/wp-json\/wp\/v2\/users\/2"}],"replies":[{"embeddable":true,"href":"https:\/\/azucenainterpretes.com\/en\/wp-json\/wp\/v2\/comments?post=851"}],"version-history":[{"count":3,"href":"https:\/\/azucenainterpretes.com\/en\/wp-json\/wp\/v2\/pages\/851\/revisions"}],"predecessor-version":[{"id":854,"href":"https:\/\/azucenainterpretes.com\/en\/wp-json\/wp\/v2\/pages\/851\/revisions\/854"}],"wp:attachment":[{"href":"https:\/\/azucenainterpretes.com\/en\/wp-json\/wp\/v2\/media?parent=851"}],"curies":[{"name":"wp","href":"https:\/\/api.w.org\/{rel}","templated":true}]}}